{"id":150,"date":"2011-06-18T23:40:26","date_gmt":"2011-06-18T20:40:26","guid":{"rendered":"http:\/\/marjorundgren.fi\/?page_id=150"},"modified":"2025-06-14T18:05:43","modified_gmt":"2025-06-14T15:05:43","slug":"etusivu","status":"publish","type":"page","link":"https:\/\/marjorundgren.fi\/","title":{"rendered":"Valtuustokausi 2025-2029"},"content":{"rendered":"\n<p>Toimin tulevalla valtuustokaudella sdp:n valtuustoryhm\u00e4ss\u00e4 (13 valtuutettua) kolmantena varavaltuutettuna ja Elinvoimalautakunnan j\u00e4senen\u00e4.<br>Kokoukset k\u00e4ynnistyv\u00e4t syksyll\u00e4.<br>Pieth\u00e4\u00e4n jatkossakin yhteytt\u00e4!<br>marjo.rundgren@rovaniemi.fi<\/p>\n\n\n\n<p><\/p>\n","protected":false},"excerpt":{"rendered":"<p>Toimin tulevalla valtuustokaudella sdp:n valtuustoryhm\u00e4ss\u00e4 (13 valtuutettua) kolmantena varavaltuutettuna ja Elinvoimalautakunnan j\u00e4senen\u00e4.Kokoukset k\u00e4ynnistyv\u00e4t syksyll\u00e4.Pieth\u00e4\u00e4n jatkossakin yhteytt\u00e4!marjo.rundgren@rovaniemi.fi<\/p>\n","protected":false},"author":1,"featured_media":472,"parent":0,"menu_order":0,"comment_status":"closed","ping_status":"closed","template":"","meta":{"ngg_post_thumbnail":0,"footnotes":""},"class_list":["post-150","page","type-page","status-publish","has-post-thumbnail","hentry"],"_links":{"self":[{"href":"https:\/\/marjorundgren.fi\/index.php?rest_route=\/wp\/v2\/pages\/150","targetHints":{"allow":["GET"]}}],"collection":[{"href":"https:\/\/marjorundgren.fi\/index.php?rest_route=\/wp\/v2\/pages"}],"about":[{"href":"https:\/\/marjorundgren.fi\/index.php?rest_route=\/wp\/v2\/types\/page"}],"author":[{"embeddable":true,"href":"https:\/\/marjorundgren.fi\/index.php?rest_route=\/wp\/v2\/users\/1"}],"replies":[{"embeddable":true,"href":"https:\/\/marjorundgren.fi\/index.php?rest_route=%2Fwp%2Fv2%2Fcomments&post=150"}],"version-history":[{"count":124,"href":"https:\/\/marjorundgren.fi\/index.php?rest_route=\/wp\/v2\/pages\/150\/revisions"}],"predecessor-version":[{"id":735,"href":"https:\/\/marjorundgren.fi\/index.php?rest_route=\/wp\/v2\/pages\/150\/revisions\/735"}],"wp:featuredmedia":[{"embeddable":true,"href":"https:\/\/marjorundgren.fi\/index.php?rest_route=\/wp\/v2\/media\/472"}],"wp:attachment":[{"href":"https:\/\/marjorundgren.fi\/index.php?rest_route=%2Fwp%2Fv2%2Fmedia&parent=150"}],"curies":[{"name":"wp","href":"https:\/\/api.w.org\/{rel}","templated":true}]}}